{"id":7630,"date":"2021-06-04T09:53:03","date_gmt":"2021-06-04T12:53:03","guid":{"rendered":"http:\/\/escritoriomodelo.com\/site\/?page_id=7630"},"modified":"2021-07-05T21:09:37","modified_gmt":"2021-07-06T00:09:37","slug":"tabelas-e-aliquotas","status":"publish","type":"page","link":"https:\/\/escritoriomodelo.com\/site\/tabelas-e-aliquotas\/","title":{"rendered":"Tabelas e Al\u00edquotas"},"content":{"rendered":"<p>[vc_row full_width=&#8221;stretch_row&#8221; css=&#8221;.vc_custom_1622811209762{padding-bottom: 85px !important;background-color: #ffffff !important;}&#8221;][vc_column][vc_column_text]<\/p>\n<ul>\n<li><a href=\"https:\/\/www.gov.br\/inss\/pt-br\/saiba-mais\/seus-direitos-e-deveres\/calculo-da-guia-da-previdencia-social-gps\/tabela-de-contribuicao-mensal\" target=\"_blank\" rel=\"noopener\">Tabela de Contribui\u00e7\u00f5es ( INSS )<\/a><\/li>\n<li><a href=\"https:\/\/www.gov.br\/inss\/pt-br\/saiba-mais\/salario-familia\/valor-limite-para-direito-ao-salario-familia\" target=\"_blank\" rel=\"noopener\">Tabela de sal\u00e1rio fam\u00edlia<\/a><\/li>\n<li><a href=\"http:\/\/receita.economia.gov.br\/acesso-rapido\/tributos\/irpf-imposto-de-renda-pessoa-fisica#tabelas-de-incid-ncia-mensal\" target=\"_blank\" rel=\"noopener\">Tabela de Imposto sobre a renda das pessoas f\u00edsicas<\/a><\/li>\n<li><a href=\"https:\/\/cnae.ibge.gov.br\/\" target=\"_blank\" rel=\"noopener\"><span style=\"font-family: futura-lt-w01-light,sans-serif;\">Tabela de Classifica\u00e7\u00e3o Nacional de Atividades Econ\u00f4micas. ( CNAE)<\/span><\/a><\/li>\n<\/ul>\n<p>[\/vc_column_text][\/vc_column][\/vc_row]<\/p>\n","protected":false},"excerpt":{"rendered":"<p>[vc_row full_width=&#8221;stretch_row&#8221; css=&#8221;.vc_custom_1622811209762{padding-bottom: 85px !important;background-color: #ffffff !important;}&#8221;][vc_column][vc_column_text] Tabela de Contribui\u00e7\u00f5es ( INSS ) Tabela de sal\u00e1rio fam\u00edlia Tabela de Imposto sobre a renda das pessoas f\u00edsicas Tabela de Classifica\u00e7\u00e3o Nacional de Atividades Econ\u00f4micas. ( CNAE) [\/vc_column_text][\/vc_column][\/vc_row]<\/p>\n","protected":false},"author":1,"featured_media":7512,"parent":0,"menu_order":0,"comment_status":"closed","ping_status":"closed","template":"","meta":{"footnotes":""},"class_list":["post-7630","page","type-page","status-publish","has-post-thumbnail","hentry"],"_links":{"self":[{"href":"https:\/\/escritoriomodelo.com\/site\/wp-json\/wp\/v2\/pages\/7630","targetHints":{"allow":["GET"]}}],"collection":[{"href":"https:\/\/escritoriomodelo.com\/site\/wp-json\/wp\/v2\/pages"}],"about":[{"href":"https:\/\/escritoriomodelo.com\/site\/wp-json\/wp\/v2\/types\/page"}],"author":[{"embeddable":true,"href":"https:\/\/escritoriomodelo.com\/site\/wp-json\/wp\/v2\/users\/1"}],"replies":[{"embeddable":true,"href":"https:\/\/escritoriomodelo.com\/site\/wp-json\/wp\/v2\/comments?post=7630"}],"version-history":[{"count":5,"href":"https:\/\/escritoriomodelo.com\/site\/wp-json\/wp\/v2\/pages\/7630\/revisions"}],"predecessor-version":[{"id":7663,"href":"https:\/\/escritoriomodelo.com\/site\/wp-json\/wp\/v2\/pages\/7630\/revisions\/7663"}],"wp:featuredmedia":[{"embeddable":true,"href":"https:\/\/escritoriomodelo.com\/site\/wp-json\/wp\/v2\/media\/7512"}],"wp:attachment":[{"href":"https:\/\/escritoriomodelo.com\/site\/wp-json\/wp\/v2\/media?parent=7630"}],"curies":[{"name":"wp","href":"https:\/\/api.w.org\/{rel}","templated":true}]}}