{"id":7627,"date":"2021-06-04T09:47:11","date_gmt":"2021-06-04T12:47:11","guid":{"rendered":"http:\/\/escritoriomodelo.com\/site\/?page_id=7627"},"modified":"2021-06-04T09:47:11","modified_gmt":"2021-06-04T12:47:11","slug":"outros-links","status":"publish","type":"page","link":"https:\/\/escritoriomodelo.com\/site\/outros-links\/","title":{"rendered":"Outros Links"},"content":{"rendered":"<p>[vc_row full_width=&#8221;stretch_row&#8221; css=&#8221;.vc_custom_1622810815930{padding-bottom: 85px !important;background-color: #ffffff !important;}&#8221; top_section_title=&#8221;&#8221; bottom_section_title=&#8221;&#8221;][vc_column][vc_column_text]<\/p>\n<ul>\n<li><a href=\"http:\/\/servicos.receita.fazenda.gov.br\/Servicos\/cnpjreva\/Cnpjreva_Solicitacao.asp?cnpj=\" target=\"_blank\" rel=\"noopener\"><span style=\"font-family: futura-lt-w01-light,sans-serif;\">Comprovante de Inscri\u00e7\u00e3o e de Situa\u00e7\u00e3o Cadastral do CNPJ.<\/span><\/a><\/li>\n<li><a href=\"http:\/\/servicos.receita.fazenda.gov.br\/Servicos\/certidao\/CndConjuntaInter\/InformaNICertidao.asp?Tipo=2\" target=\"_blank\" rel=\"noopener\"><span style=\"font-family: futura-lt-w01-light,sans-serif;\">Consulta P\u00fablica ao Cadastro do Estado do Paran\u00e1 ( Inscri\u00e7\u00e3o Estadual Sintregra ).<\/span><\/a><\/li>\n<li><a href=\"http:\/\/www8.receita.fazenda.gov.br\/SimplesNacional\/aplicacoes.aspx?id=21\" target=\"_blank\" rel=\"noopener\"><span style=\"font-family: futura-lt-w01-light,sans-serif;\">Consulta optante pelo Simples Nacional. ( Lei complementar 123\/2006 ).<\/span><\/a><\/li>\n<\/ul>\n<p>[\/vc_column_text][\/vc_column][\/vc_row]<\/p>\n","protected":false},"excerpt":{"rendered":"<p>[vc_row full_width=&#8221;stretch_row&#8221; css=&#8221;.vc_custom_1622810815930{padding-bottom: 85px !important;background-color: #ffffff !important;}&#8221; top_section_title=&#8221;&#8221; bottom_section_title=&#8221;&#8221;][vc_column][vc_column_text] Comprovante de Inscri\u00e7\u00e3o e de Situa\u00e7\u00e3o Cadastral do CNPJ. Consulta P\u00fablica ao Cadastro do Estado do Paran\u00e1 ( Inscri\u00e7\u00e3o Estadual Sintregra ). Consulta optante pelo Simples Nacional. ( Lei complementar 123\/2006 ). [\/vc_column_text][\/vc_column][\/vc_row]<\/p>\n","protected":false},"author":1,"featured_media":7512,"parent":0,"menu_order":0,"comment_status":"closed","ping_status":"closed","template":"","meta":{"footnotes":""},"class_list":["post-7627","page","type-page","status-publish","has-post-thumbnail","hentry"],"_links":{"self":[{"href":"https:\/\/escritoriomodelo.com\/site\/wp-json\/wp\/v2\/pages\/7627","targetHints":{"allow":["GET"]}}],"collection":[{"href":"https:\/\/escritoriomodelo.com\/site\/wp-json\/wp\/v2\/pages"}],"about":[{"href":"https:\/\/escritoriomodelo.com\/site\/wp-json\/wp\/v2\/types\/page"}],"author":[{"embeddable":true,"href":"https:\/\/escritoriomodelo.com\/site\/wp-json\/wp\/v2\/users\/1"}],"replies":[{"embeddable":true,"href":"https:\/\/escritoriomodelo.com\/site\/wp-json\/wp\/v2\/comments?post=7627"}],"version-history":[{"count":2,"href":"https:\/\/escritoriomodelo.com\/site\/wp-json\/wp\/v2\/pages\/7627\/revisions"}],"predecessor-version":[{"id":7629,"href":"https:\/\/escritoriomodelo.com\/site\/wp-json\/wp\/v2\/pages\/7627\/revisions\/7629"}],"wp:featuredmedia":[{"embeddable":true,"href":"https:\/\/escritoriomodelo.com\/site\/wp-json\/wp\/v2\/media\/7512"}],"wp:attachment":[{"href":"https:\/\/escritoriomodelo.com\/site\/wp-json\/wp\/v2\/media?parent=7627"}],"curies":[{"name":"wp","href":"https:\/\/api.w.org\/{rel}","templated":true}]}}