{"id":7620,"date":"2021-06-04T09:32:59","date_gmt":"2021-06-04T12:32:59","guid":{"rendered":"http:\/\/escritoriomodelo.com\/site\/?page_id=7620"},"modified":"2021-06-04T14:24:12","modified_gmt":"2021-06-04T17:24:12","slug":"certidoes-negativas","status":"publish","type":"page","link":"https:\/\/escritoriomodelo.com\/site\/certidoes-negativas\/","title":{"rendered":"Principais Certid\u00f5es Negativas"},"content":{"rendered":"<p>[vc_row full_width=&#8221;stretch_row&#8221; css=&#8221;.vc_custom_1622783278333{background-color: #ffffff !important;}&#8221;][vc_column][vc_row_inner css=&#8221;.vc_custom_1622810436712{padding-top: 100px !important;padding-bottom: 80px !important;}&#8221;][vc_column_inner]<div class=\"key-icon-box icon-default icon-left cont-left ib-hover-1\" style=\"background-color: transparent;\" ><a href=\"https:\/\/consulta-crf.caixa.gov.br\/consultacrf\/pages\/consultaEmpregador.jsf\" target=\"_blank\"><div class=\"ib-wrapper\"><i class=\"fas fa-link\" style=\" color: #81d742;\"><\/i> <h5 class=\"service-heading\" >Certid\u00e3o de Regularidade do FGTS (CRF)<\/h5><\/div><\/a><\/div><div class=\"key-icon-box icon-default icon-left cont-left ib-hover-1\" style=\"background-color: transparent;\" ><a href=\"http:\/\/servicos.receita.fazenda.gov.br\/Servicos\/certidao\/CndConjuntaInter\/InformaNICertidao.asp?Tipo=2\" target=\"_blank\"><div class=\"ib-wrapper\"><i class=\"fas fa-link\" style=\" color: #81d742;\"><\/i> <h5 class=\"service-heading\" >Certid\u00e3o de D\u00e9bitos Relativos a Cr\u00e9ditos Tribut\u00e1rios Federais e \u00e0 D\u00edvida Ativa da Uni\u00e3o ( Receita Federal ) - Pessoa F\u00edsica.<\/h5><\/div><\/a><\/div><div class=\"key-icon-box icon-default icon-left cont-left ib-hover-1\" style=\"background-color: transparent;\" ><a href=\"http:\/\/servicos.receita.fazenda.gov.br\/Servicos\/certidao\/CNDConjuntaInter\/InformaNICertidao.asp?tipo=1\" target=\"_blank\"><div class=\"ib-wrapper\"><i class=\"fas fa-link\" style=\" color: #81d742;\"><\/i> <h5 class=\"service-heading\" >Certid\u00e3o de D\u00e9bitos Relativos a Cr\u00e9ditos Tribut\u00e1rios Federais e \u00e0 D\u00edvida Ativa da Uni\u00e3o ( Receita Federal ) - Pessoa Jur\u00eddica.<\/h5><\/div><\/a><\/div><div class=\"key-icon-box icon-default icon-left cont-left ib-hover-1\" style=\"background-color: transparent;\" ><a href=\"http:\/\/www.cdw.fazenda.pr.gov.br\/cdw\/emissao\/certidaoAutomatica\" target=\"_blank\"><div class=\"ib-wrapper\"><i class=\"fas fa-link\" style=\" color: #81d742;\"><\/i> <h5 class=\"service-heading\" >Certid\u00e3o Negativa de D\u00e9bitos Tribut\u00e1rios e de D\u00edvida Ativa Estadual - Paran\u00e1.<\/h5><\/div><\/a><\/div>[vc_empty_space height=&#8221;5px&#8221;]<div class=\"key-icon-box icon-default icon-left cont-left ib-hover-1\" style=\"background-color: transparent;\" ><a href=\"http:\/\/cetil.apucarana.pr.gov.br\/certidao\/emitir.php\" target=\"_blank\"><div class=\"ib-wrapper\"><i class=\"fas fa-link\" style=\" color: #81d742;\"><\/i> <h5 class=\"service-heading\" >Certid\u00e3o Negativa de D\u00e9bitos Municipal (Apucarana)<\/h5><\/div><\/a><\/div>[\/vc_column_inner][\/vc_row_inner][\/vc_column][\/vc_row]<\/p>\n","protected":false},"excerpt":{"rendered":"<p>[vc_row full_width=&#8221;stretch_row&#8221; css=&#8221;.vc_custom_1622783278333{background-color: #ffffff !important;}&#8221;][vc_column][vc_row_inner css=&#8221;.vc_custom_1622810436712{padding-top: 100px !important;padding-bottom: 80px !important;}&#8221;][vc_column_inner][vc_empty_space height=&#8221;5px&#8221;][\/vc_column_inner][\/vc_row_inner][\/vc_column][\/vc_row]<\/p>\n","protected":false},"author":1,"featured_media":7512,"parent":0,"menu_order":0,"comment_status":"closed","ping_status":"closed","template":"","meta":{"footnotes":""},"class_list":["post-7620","page","type-page","status-publish","has-post-thumbnail","hentry"],"_links":{"self":[{"href":"https:\/\/escritoriomodelo.com\/site\/wp-json\/wp\/v2\/pages\/7620","targetHints":{"allow":["GET"]}}],"collection":[{"href":"https:\/\/escritoriomodelo.com\/site\/wp-json\/wp\/v2\/pages"}],"about":[{"href":"https:\/\/escritoriomodelo.com\/site\/wp-json\/wp\/v2\/types\/page"}],"author":[{"embeddable":true,"href":"https:\/\/escritoriomodelo.com\/site\/wp-json\/wp\/v2\/users\/1"}],"replies":[{"embeddable":true,"href":"https:\/\/escritoriomodelo.com\/site\/wp-json\/wp\/v2\/comments?post=7620"}],"version-history":[{"count":7,"href":"https:\/\/escritoriomodelo.com\/site\/wp-json\/wp\/v2\/pages\/7620\/revisions"}],"predecessor-version":[{"id":7660,"href":"https:\/\/escritoriomodelo.com\/site\/wp-json\/wp\/v2\/pages\/7620\/revisions\/7660"}],"wp:featuredmedia":[{"embeddable":true,"href":"https:\/\/escritoriomodelo.com\/site\/wp-json\/wp\/v2\/media\/7512"}],"wp:attachment":[{"href":"https:\/\/escritoriomodelo.com\/site\/wp-json\/wp\/v2\/media?parent=7620"}],"curies":[{"name":"wp","href":"https:\/\/api.w.org\/{rel}","templated":true}]}}