{"id":7562,"date":"2021-06-04T01:11:18","date_gmt":"2021-06-04T04:11:18","guid":{"rendered":"http:\/\/escritoriomodelo.com\/site\/?page_id=7562"},"modified":"2021-07-06T21:03:40","modified_gmt":"2021-07-07T00:03:40","slug":"assessoria-previdenciaria","status":"publish","type":"page","link":"https:\/\/escritoriomodelo.com\/site\/servicos\/assessoria-previdenciaria\/","title":{"rendered":"Assessoria Previdenci\u00e1ria"},"content":{"rendered":"<p>[vc_row][vc_column width=&#8221;2\/3&#8243; css=&#8221;.vc_custom_1519733751676{padding-right: 25px !important;}&#8221; offset=&#8221;vc_col-lg-8 vc_col-md-12 vc_col-xs-12&#8243;][vc_column_text]Nosso servi\u00e7o de assessoria previdenci\u00e1ria \u00e9 completo, informando o trabalhador e segurado, com orienta\u00e7\u00e3o profissional, sobre o passo a passo quanto ao direito de benef\u00edcios do INSS \u2013 Instituto Nacional do Seguro Social.[\/vc_column_text]<header class=\"kd-section-title col-lg-12 text-left solid-line sep-border-width-1     vc_custom_1622779839703\" ><div class=\"kd-separator above_title\" ><div class=\"kd-separator-line\" ><\/div><\/div><h3 class=\"separator_on\" >Veja alguns dos nossos servi\u00e7os:<\/h3><\/header>[vc_column_text]<\/p>\n<ul>\n<li>Fazemos o pedido do seu benef\u00edcio junto ao INSS;<\/li>\n<li>Damos entrada no processo de aposentadorias de todos os tipos;<\/li>\n<li>Suporte ao cliente que precisa receber o benef\u00edcio de pens\u00e3o por morte;<\/li>\n<li>Entrada junto ao INSS para Aux\u00edlio Doen\u00e7a, Aux\u00edlio Acidente e Aux\u00edlio Reclus\u00e3o;<\/li>\n<li>Solicita\u00e7\u00e3o de Sal\u00e1rio Maternidade;<\/li>\n<li>Revis\u00e3o de Aposentadoria;<\/li>\n<li>Amparo Assistencial ao Idoso e ao Deficiente \u2013 LOAS.<\/li>\n<\/ul>\n<p>[\/vc_column_text][vc_empty_space][vc_btn title=&#8221;Fale Conosco&#8221; style=&#8221;outline&#8221; shape=&#8221;round&#8221; color=&#8221;vista-blue&#8221; size=&#8221;lg&#8221; link=&#8221;url:http%3A%2F%2Fescritoriomodelo.com%2Fsite%2Fcontato%2F|title:Contato&#8221;][\/vc_column][vc_column width=&#8221;1\/3&#8243; offset=&#8221;vc_col-lg-4 vc_col-md-12 vc_col-xs-12&#8243;][vc_widget_sidebar sidebar_id=&#8221;page-sidebar&#8221;][\/vc_column][\/vc_row]<\/p>\n","protected":false},"excerpt":{"rendered":"<p>[vc_row][vc_column width=&#8221;2\/3&#8243; css=&#8221;.vc_custom_1519733751676{padding-right: 25px !important;}&#8221; offset=&#8221;vc_col-lg-8 vc_col-md-12 vc_col-xs-12&#8243;][vc_column_text]Nosso servi\u00e7o de assessoria previdenci\u00e1ria \u00e9 completo, informando o trabalhador e segurado, com orienta\u00e7\u00e3o profissional, sobre o passo a passo quanto ao direito de benef\u00edcios do INSS \u2013 Instituto Nacional do Seguro Social.[\/vc_column_text][vc_column_text] Fazemos o pedido do seu benef\u00edcio junto ao INSS; Damos entrada no processo de aposentadorias de todos os tipos; Suporte ao cliente que precisa receber o benef\u00edcio de pens\u00e3o por morte; Entrada junto ao INSS para Aux\u00edlio Doen\u00e7a, Aux\u00edlio Acidente e Aux\u00edlio Reclus\u00e3o; Solicita\u00e7\u00e3o de Sal\u00e1rio Maternidade; Revis\u00e3o de Aposentadoria; Amparo Assistencial ao Idoso e ao Deficiente \u2013 LOAS. [\/vc_column_text][vc_empty_space][vc_btn title=&#8221;Fale Conosco&#8221; style=&#8221;outline&#8221; shape=&#8221;round&#8221; color=&#8221;vista-blue&#8221; size=&#8221;lg&#8221; link=&#8221;url:http%3A%2F%2Fescritoriomodelo.com%2Fsite%2Fcontato%2F|title:Contato&#8221;][\/vc_column][vc_column width=&#8221;1\/3&#8243; offset=&#8221;vc_col-lg-4 vc_col-md-12 vc_col-xs-12&#8243;][vc_widget_sidebar sidebar_id=&#8221;page-sidebar&#8221;][\/vc_column][\/vc_row]<\/p>\n","protected":false},"author":1,"featured_media":7477,"parent":5718,"menu_order":0,"comment_status":"closed","ping_status":"closed","template":"","meta":{"footnotes":""},"class_list":["post-7562","page","type-page","status-publish","has-post-thumbnail","hentry"],"_links":{"self":[{"href":"https:\/\/escritoriomodelo.com\/site\/wp-json\/wp\/v2\/pages\/7562","targetHints":{"allow":["GET"]}}],"collection":[{"href":"https:\/\/escritoriomodelo.com\/site\/wp-json\/wp\/v2\/pages"}],"about":[{"href":"https:\/\/escritoriomodelo.com\/site\/wp-json\/wp\/v2\/types\/page"}],"author":[{"embeddable":true,"href":"https:\/\/escritoriomodelo.com\/site\/wp-json\/wp\/v2\/users\/1"}],"replies":[{"embeddable":true,"href":"https:\/\/escritoriomodelo.com\/site\/wp-json\/wp\/v2\/comments?post=7562"}],"version-history":[{"count":2,"href":"https:\/\/escritoriomodelo.com\/site\/wp-json\/wp\/v2\/pages\/7562\/revisions"}],"predecessor-version":[{"id":7729,"href":"https:\/\/escritoriomodelo.com\/site\/wp-json\/wp\/v2\/pages\/7562\/revisions\/7729"}],"up":[{"embeddable":true,"href":"https:\/\/escritoriomodelo.com\/site\/wp-json\/wp\/v2\/pages\/5718"}],"wp:featuredmedia":[{"embeddable":true,"href":"https:\/\/escritoriomodelo.com\/site\/wp-json\/wp\/v2\/media\/7477"}],"wp:attachment":[{"href":"https:\/\/escritoriomodelo.com\/site\/wp-json\/wp\/v2\/media?parent=7562"}],"curies":[{"name":"wp","href":"https:\/\/api.w.org\/{rel}","templated":true}]}}