{"id":7560,"date":"2021-06-04T01:05:18","date_gmt":"2021-06-04T04:05:18","guid":{"rendered":"http:\/\/escritoriomodelo.com\/site\/?page_id=7560"},"modified":"2021-07-06T21:04:07","modified_gmt":"2021-07-07T00:04:07","slug":"imposto-de-renda","status":"publish","type":"page","link":"https:\/\/escritoriomodelo.com\/site\/servicos\/imposto-de-renda\/","title":{"rendered":"Imposto de Renda Pessoa F\u00edsica"},"content":{"rendered":"<p>[vc_row][vc_column width=&#8221;2\/3&#8243; css=&#8221;.vc_custom_1519733751676{padding-right: 25px !important;}&#8221; offset=&#8221;vc_col-lg-8 vc_col-md-12 vc_col-xs-12&#8243;][vc_column_text]Todos os anos \u00e9 necess\u00e1rio fazer o c\u00e1lculo correto do imposto de renda para declarar aos cofres p\u00fablicos o quanto sua empresa ou voc\u00ea, como pessoa f\u00edsica, obtiveram de receita ao longo do ano, e quanto voc\u00ea deve em tributos ou quanto poder\u00e1 ressarcir.[\/vc_column_text]<header class=\"kd-section-title col-lg-12 text-left solid-line sep-border-width-1     vc_custom_1622779494774\" ><div class=\"kd-separator above_title\" ><div class=\"kd-separator-line\" ><\/div><\/div><h3 class=\"separator_on\" >IMPOSTO DE RENDA PESSOA F\u00cdSICA<\/h3><\/header>[vc_column_text]<\/p>\n<ul>\n<li>Atendimento personalizado para a confec\u00e7\u00e3o do IRPF<\/li>\n<li>Acompanhamento anual dos resultados da DIRPF, verificando quando ser\u00e1 seu ressarcimento ou se existe alguma pend\u00eancia<\/li>\n<li>Assessoria e consultoria dos parcelamentos de imposto de renda de pessoas f\u00edsicas<\/li>\n<li>Assessoria, consultoria e acompanhamento no sistema de Ganho de capital e lucro imobili\u00e1rio<\/li>\n<\/ul>\n<p>[\/vc_column_text][vc_empty_space][vc_btn title=&#8221;Fale Conosco&#8221; style=&#8221;outline&#8221; shape=&#8221;round&#8221; color=&#8221;vista-blue&#8221; size=&#8221;lg&#8221; link=&#8221;url:http%3A%2F%2Fescritoriomodelo.com%2Fsite%2Fcontato%2F|title:Contato&#8221;][\/vc_column][vc_column width=&#8221;1\/3&#8243; offset=&#8221;vc_col-lg-4 vc_col-md-12 vc_col-xs-12&#8243;][vc_widget_sidebar sidebar_id=&#8221;page-sidebar&#8221;][\/vc_column][\/vc_row]<\/p>\n","protected":false},"excerpt":{"rendered":"<p>[vc_row][vc_column width=&#8221;2\/3&#8243; css=&#8221;.vc_custom_1519733751676{padding-right: 25px !important;}&#8221; offset=&#8221;vc_col-lg-8 vc_col-md-12 vc_col-xs-12&#8243;][vc_column_text]Todos os anos \u00e9 necess\u00e1rio fazer o c\u00e1lculo correto do imposto de renda para declarar aos cofres p\u00fablicos o quanto sua empresa ou voc\u00ea, como pessoa f\u00edsica, obtiveram de receita ao longo do ano, e quanto voc\u00ea deve em tributos ou quanto poder\u00e1 ressarcir.[\/vc_column_text][vc_column_text] Atendimento personalizado para a confec\u00e7\u00e3o do IRPF Acompanhamento anual dos resultados da DIRPF, verificando quando ser\u00e1 seu ressarcimento ou se existe alguma pend\u00eancia Assessoria e consultoria dos parcelamentos de imposto de renda de pessoas f\u00edsicas Assessoria, consultoria e acompanhamento no sistema de Ganho de capital e lucro imobili\u00e1rio [\/vc_column_text][vc_empty_space][vc_btn title=&#8221;Fale Conosco&#8221; style=&#8221;outline&#8221; shape=&#8221;round&#8221; color=&#8221;vista-blue&#8221; size=&#8221;lg&#8221; link=&#8221;url:http%3A%2F%2Fescritoriomodelo.com%2Fsite%2Fcontato%2F|title:Contato&#8221;][\/vc_column][vc_column width=&#8221;1\/3&#8243; offset=&#8221;vc_col-lg-4 vc_col-md-12 vc_col-xs-12&#8243;][vc_widget_sidebar sidebar_id=&#8221;page-sidebar&#8221;][\/vc_column][\/vc_row]<\/p>\n","protected":false},"author":1,"featured_media":7477,"parent":5718,"menu_order":0,"comment_status":"closed","ping_status":"closed","template":"","meta":{"footnotes":""},"class_list":["post-7560","page","type-page","status-publish","has-post-thumbnail","hentry"],"_links":{"self":[{"href":"https:\/\/escritoriomodelo.com\/site\/wp-json\/wp\/v2\/pages\/7560","targetHints":{"allow":["GET"]}}],"collection":[{"href":"https:\/\/escritoriomodelo.com\/site\/wp-json\/wp\/v2\/pages"}],"about":[{"href":"https:\/\/escritoriomodelo.com\/site\/wp-json\/wp\/v2\/types\/page"}],"author":[{"embeddable":true,"href":"https:\/\/escritoriomodelo.com\/site\/wp-json\/wp\/v2\/users\/1"}],"replies":[{"embeddable":true,"href":"https:\/\/escritoriomodelo.com\/site\/wp-json\/wp\/v2\/comments?post=7560"}],"version-history":[{"count":3,"href":"https:\/\/escritoriomodelo.com\/site\/wp-json\/wp\/v2\/pages\/7560\/revisions"}],"predecessor-version":[{"id":7731,"href":"https:\/\/escritoriomodelo.com\/site\/wp-json\/wp\/v2\/pages\/7560\/revisions\/7731"}],"up":[{"embeddable":true,"href":"https:\/\/escritoriomodelo.com\/site\/wp-json\/wp\/v2\/pages\/5718"}],"wp:featuredmedia":[{"embeddable":true,"href":"https:\/\/escritoriomodelo.com\/site\/wp-json\/wp\/v2\/media\/7477"}],"wp:attachment":[{"href":"https:\/\/escritoriomodelo.com\/site\/wp-json\/wp\/v2\/media?parent=7560"}],"curies":[{"name":"wp","href":"https:\/\/api.w.org\/{rel}","templated":true}]}}