{"id":7558,"date":"2021-06-04T00:59:19","date_gmt":"2021-06-04T03:59:19","guid":{"rendered":"http:\/\/escritoriomodelo.com\/site\/?page_id=7558"},"modified":"2021-07-06T21:03:54","modified_gmt":"2021-07-07T00:03:54","slug":"assessoria-trabalhista","status":"publish","type":"page","link":"https:\/\/escritoriomodelo.com\/site\/servicos\/assessoria-trabalhista\/","title":{"rendered":"Assessoria Trabalhista"},"content":{"rendered":"<p>[vc_row][vc_column width=&#8221;2\/3&#8243; css=&#8221;.vc_custom_1519733751676{padding-right: 25px !important;}&#8221; offset=&#8221;vc_col-lg-8 vc_col-md-12 vc_col-xs-12&#8243;][vc_column_text]O departamento de RH desempenha um papel muito importante em qualquer empresa hoje.\u00a0\u00c9 respons\u00e1vel pela execu\u00e7\u00e3o de todo o trabalho de rotina no departamento de pessoal.\u00a0Eles tamb\u00e9m s\u00e3o respons\u00e1veis \u200b\u200bpelo c\u00e1lculo de impostos e preenchimento dos formul\u00e1rios de coleta, al\u00e9m de dar assessoria espec\u00edfica referente \u00e0 legisla\u00e7\u00e3o pertinente, trabalhista, previdenci\u00e1ria, agr\u00e1ria e sindical.[\/vc_column_text]<header class=\"kd-section-title col-lg-12 text-left solid-line sep-border-width-1     vc_custom_1622778982973\" ><div class=\"kd-separator above_title\" ><div class=\"kd-separator-line\" ><\/div><\/div><h3 class=\"separator_on\" >Veja alguns dos nossos servi\u00e7os:<\/h3><\/header>[vc_column_text]<\/p>\n<ul>\n<li>Admiss\u00e3o e demiss\u00e3o de empregados.<i class=\"icon icon-check-square-o\"><\/i><\/li>\n<li>Atualizar CTPS e dados eletr\u00f4nicos.<i class=\"icon icon-check-square-o\"><\/i><\/li>\n<li>Per\u00edodo de f\u00e9rias.<i class=\"icon icon-check-square-o\"><\/i><\/li>\n<li>13\u00ba sal\u00e1rio.<i class=\"icon icon-check-square-o\"><\/i><\/li>\n<li>Barganha coletiva.<i class=\"icon icon-check-square-o\"><\/i><\/li>\n<li>Processo de folha de pagamento.<i class=\"icon icon-check-square-o\"><\/i><\/li>\n<li>Empregados prova de emiss\u00e3o de renda.<i class=\"icon icon-check-square-o\"><\/i><\/li>\n<li>Prepara\u00e7\u00e3o de folha de pagamento e taxas de administra\u00e7\u00e3o, d\u00e9cimo terceiro sal\u00e1rio<i class=\"icon icon-check-square-o\"><\/i><\/li>\n<li>Administra\u00e7\u00e3o e controle de f\u00e9rias.<i class=\"icon icon-check-square-o\"><\/i><\/li>\n<li>C\u00e1lculo de impostos e contribui\u00e7\u00f5es peri\u00f3dicas decorrentes do or\u00e7amento trabalhista e corporativo.<i class=\"icon icon-check-square-o\"><\/i><\/li>\n<li>Monitoramento de homologa\u00e7\u00e3o.<i class=\"icon icon-check-square-o\"><\/i><\/li>\n<li>Imposto de Renda \/ Previd\u00eancia Social \/ FGTS \/ SEFIP \/ Contribui\u00e7\u00f5es Sindicais Assist\u00eancia Social e Confedera\u00e7\u00e3o \/ PIS.<i class=\"icon icon-check-square-o\"><\/i><\/li>\n<li>Elabora\u00e7\u00e3o e entrega de declara\u00e7\u00f5es fiscais e previdenci\u00e1rias, tais como: DIRF Relat\u00f3rios de Renda \/ CAGED.<\/li>\n<\/ul>\n<p>[\/vc_column_text][vc_empty_space][vc_btn title=&#8221;Fale Conosco&#8221; style=&#8221;outline&#8221; shape=&#8221;round&#8221; color=&#8221;vista-blue&#8221; size=&#8221;lg&#8221; link=&#8221;url:http%3A%2F%2Fescritoriomodelo.com%2Fsite%2Fcontato%2F|title:Contato&#8221;][\/vc_column][vc_column width=&#8221;1\/3&#8243; offset=&#8221;vc_col-lg-4 vc_col-md-12 vc_col-xs-12&#8243;][vc_widget_sidebar sidebar_id=&#8221;page-sidebar&#8221;][\/vc_column][\/vc_row]<\/p>\n","protected":false},"excerpt":{"rendered":"<p>[vc_row][vc_column width=&#8221;2\/3&#8243; css=&#8221;.vc_custom_1519733751676{padding-right: 25px !important;}&#8221; offset=&#8221;vc_col-lg-8 vc_col-md-12 vc_col-xs-12&#8243;][vc_column_text]O departamento de RH desempenha um papel muito importante em qualquer empresa hoje.\u00a0\u00c9 respons\u00e1vel pela execu\u00e7\u00e3o de todo o trabalho de rotina no departamento de pessoal.\u00a0Eles tamb\u00e9m s\u00e3o respons\u00e1veis \u200b\u200bpelo c\u00e1lculo de impostos e preenchimento dos formul\u00e1rios de coleta, al\u00e9m de dar assessoria espec\u00edfica referente \u00e0 legisla\u00e7\u00e3o pertinente, trabalhista, previdenci\u00e1ria, agr\u00e1ria e sindical.[\/vc_column_text][vc_column_text] Admiss\u00e3o e demiss\u00e3o de empregados. Atualizar CTPS e dados eletr\u00f4nicos. Per\u00edodo de f\u00e9rias. 13\u00ba sal\u00e1rio. Barganha coletiva. Processo de folha de pagamento. Empregados prova de emiss\u00e3o de renda. Prepara\u00e7\u00e3o de folha de pagamento e taxas de administra\u00e7\u00e3o, d\u00e9cimo terceiro sal\u00e1rio Administra\u00e7\u00e3o e controle de f\u00e9rias. C\u00e1lculo de impostos e contribui\u00e7\u00f5es peri\u00f3dicas decorrentes do or\u00e7amento trabalhista e corporativo. Monitoramento de homologa\u00e7\u00e3o. Imposto de Renda \/ Previd\u00eancia Social \/ FGTS \/ SEFIP \/ Contribui\u00e7\u00f5es Sindicais Assist\u00eancia Social e Confedera\u00e7\u00e3o \/ PIS. Elabora\u00e7\u00e3o e entrega de declara\u00e7\u00f5es fiscais e previdenci\u00e1rias, tais como: DIRF [&hellip;]<\/p>\n","protected":false},"author":1,"featured_media":7477,"parent":5718,"menu_order":0,"comment_status":"closed","ping_status":"closed","template":"","meta":{"footnotes":""},"class_list":["post-7558","page","type-page","status-publish","has-post-thumbnail","hentry"],"_links":{"self":[{"href":"https:\/\/escritoriomodelo.com\/site\/wp-json\/wp\/v2\/pages\/7558","targetHints":{"allow":["GET"]}}],"collection":[{"href":"https:\/\/escritoriomodelo.com\/site\/wp-json\/wp\/v2\/pages"}],"about":[{"href":"https:\/\/escritoriomodelo.com\/site\/wp-json\/wp\/v2\/types\/page"}],"author":[{"embeddable":true,"href":"https:\/\/escritoriomodelo.com\/site\/wp-json\/wp\/v2\/users\/1"}],"replies":[{"embeddable":true,"href":"https:\/\/escritoriomodelo.com\/site\/wp-json\/wp\/v2\/comments?post=7558"}],"version-history":[{"count":2,"href":"https:\/\/escritoriomodelo.com\/site\/wp-json\/wp\/v2\/pages\/7558\/revisions"}],"predecessor-version":[{"id":7730,"href":"https:\/\/escritoriomodelo.com\/site\/wp-json\/wp\/v2\/pages\/7558\/revisions\/7730"}],"up":[{"embeddable":true,"href":"https:\/\/escritoriomodelo.com\/site\/wp-json\/wp\/v2\/pages\/5718"}],"wp:featuredmedia":[{"embeddable":true,"href":"https:\/\/escritoriomodelo.com\/site\/wp-json\/wp\/v2\/media\/7477"}],"wp:attachment":[{"href":"https:\/\/escritoriomodelo.com\/site\/wp-json\/wp\/v2\/media?parent=7558"}],"curies":[{"name":"wp","href":"https:\/\/api.w.org\/{rel}","templated":true}]}}