{"id":7463,"date":"2019-04-24T14:44:15","date_gmt":"2019-04-24T14:44:15","guid":{"rendered":"https:\/\/www.ekko-wp.com\/demo-content\/?page_id=7463"},"modified":"2021-06-04T10:01:09","modified_gmt":"2021-06-04T13:01:09","slug":"home-construction","status":"publish","type":"page","link":"https:\/\/escritoriomodelo.com\/site\/","title":{"rendered":"Home"},"content":{"rendered":"<p>[vc_row][vc_column][rev_slider_vc alias=&#8221;construction-slider&#8221;][\/vc_column][\/vc_row][vc_row full_width=&#8221;stretch_row&#8221; css=&#8221;.vc_custom_1622769439400{padding-top: 85px !important;padding-bottom: 85px !important;background-image: url(http:\/\/escritoriomodelo.com\/site\/wp-content\/uploads\/2021\/06\/bg-modelo.jpg?id=7492) !important;background-position: 0 0 !important;background-repeat: no-repeat !important;}&#8221;][vc_column]<header class=\"kd-section-title col-lg-12 text-center solid-line sep-border-width-1  kd-animated fadeIn  \" data-animation-delay=200><div class=\"kd-separator above_title\" ><div class=\"kd-separator-line\" ><\/div><\/div><h2 class=\"separator_on\" >O Que Fazemos<\/h2><p class=\"subtitle \" style=\"font-size: 20px;\">O Escrit\u00f3rio Modelo atua nas \u00e1reas Cont\u00e1bil, Fiscal, Legaliza\u00e7\u00e3o de Empresas, Trabalhista, Pessoa F\u00edsica, Tribut\u00e1ria, al\u00e9m de prestar Consultoria Fiscal e Legal para empresas de qualquer porte, independentemente do nicho de mercado.<\/p><\/header>[vc_row_inner equal_height=&#8221;yes&#8221; content_placement=&#8221;middle&#8221;][vc_column_inner width=&#8221;1\/3&#8243;]<div class=\"key-icon-box icon-default icon-top cont-center ib-hover-1\" style=\"background-color: transparent;\" ><a href=\"servicos\/abertura-alteracao-e-encerramento-de-empresas\" target=\"\"><div class=\"ib-wrapper\"><div class=\"tt-iconbox-customimg img_small_size\"><img loading=\"lazy\" decoding=\"async\" width=\"117\" height=\"117\" src=\"https:\/\/escritoriomodelo.com\/site\/wp-content\/uploads\/2021\/06\/contrato.png\" class=\"attachment-full\" alt=\"\" \/><\/div><h6 class=\"service-heading\" >ABERTURA, ALTERA\u00c7\u00c3O E ENCERRAMENTO DE EMPRESAS<\/h6><\/div><\/a><\/div>[\/vc_column_inner][vc_column_inner width=&#8221;1\/3&#8243;]<div class=\"key-icon-box icon-default icon-top cont-center ib-hover-1\" style=\"background-color: transparent;\" ><a href=\"servicos\/contabilidade\" target=\"\"><div class=\"ib-wrapper\"><div class=\"tt-iconbox-customimg img_small_size\"><img loading=\"lazy\" decoding=\"async\" width=\"117\" height=\"117\" src=\"https:\/\/escritoriomodelo.com\/site\/wp-content\/uploads\/2021\/06\/icone_CONSULTORIA-1-1.png\" class=\"attachment-full\" alt=\"\" \/><\/div><h6 class=\"service-heading\" >CONTABILIDADE<\/h6><\/div><\/a><\/div>[\/vc_column_inner][vc_column_inner width=&#8221;1\/3&#8243;]<div class=\"key-icon-box icon-default icon-top cont-center ib-hover-1\" style=\"background-color: transparent;\" ><a href=\"servicos\/assessoria-fiscal-e-tributario-para-empresas\" target=\"\"><div class=\"ib-wrapper\"><div class=\"tt-iconbox-customimg img_small_size\"><img loading=\"lazy\" decoding=\"async\" width=\"117\" height=\"117\" src=\"https:\/\/escritoriomodelo.com\/site\/wp-content\/uploads\/2021\/06\/003-imposto.png\" class=\"attachment-full\" alt=\"\" \/><\/div><h6 class=\"service-heading\" >ASSESSORIA FISCAL<\/h6><\/div><\/a><\/div>[\/vc_column_inner][\/vc_row_inner][vc_row_inner][vc_column_inner width=&#8221;1\/3&#8243;]<div class=\"key-icon-box icon-default icon-top cont-center ib-hover-1\" style=\"background-color: transparent;\" ><a href=\"servicos\/assessoria-previdenciaria\" target=\"\"><div class=\"ib-wrapper\"><div class=\"tt-iconbox-customimg img_small_size\"><img loading=\"lazy\" decoding=\"async\" width=\"117\" height=\"117\" src=\"https:\/\/escritoriomodelo.com\/site\/wp-content\/uploads\/2021\/06\/icone_CONSULTORIA-1-1.png\" class=\"attachment-full\" alt=\"\" \/><\/div><h6 class=\"service-heading\" >ASSESSORIA PREVID\u00caNCIARIA<\/h6><\/div><\/a><\/div>[\/vc_column_inner][vc_column_inner width=&#8221;1\/3&#8243;]<div class=\"key-icon-box icon-default icon-top cont-center ib-hover-1\" style=\"background-color: transparent;\" ><a href=\"servicos\/assessoria-trabalhista\" target=\"\"><div class=\"ib-wrapper\"><div class=\"tt-iconbox-customimg img_small_size\"><img loading=\"lazy\" decoding=\"async\" width=\"117\" height=\"117\" src=\"https:\/\/escritoriomodelo.com\/site\/wp-content\/uploads\/2021\/06\/001-contabilidade.png\" class=\"attachment-full\" alt=\"\" \/><\/div><h6 class=\"service-heading\" >DEPARTAMENTO PESSOAL<\/h6><\/div><\/a><\/div>[\/vc_column_inner][vc_column_inner width=&#8221;1\/3&#8243;]<div class=\"key-icon-box icon-default icon-top cont-center ib-hover-1\" style=\"background-color: transparent;\" ><a href=\"servicos\/imposto-de-renda\" target=\"\"><div class=\"ib-wrapper\"><div class=\"tt-iconbox-customimg img_small_size\"><img loading=\"lazy\" decoding=\"async\" width=\"117\" height=\"117\" src=\"https:\/\/escritoriomodelo.com\/site\/wp-content\/uploads\/2021\/06\/icone_IMPOSTO-1-1.png\" class=\"attachment-full\" alt=\"\" \/><\/div><h6 class=\"service-heading\" >IMPOSTO DE RENDA<\/h6><\/div><\/a><\/div>[\/vc_column_inner][\/vc_row_inner][\/vc_column][\/vc_row][vc_row full_width=&#8221;stretch_row&#8221; content_placement=&#8221;middle&#8221; parallax=&#8221;content-moving&#8221; parallax_speed_bg=&#8221;1.4&#8243; css=&#8221;.vc_custom_1622776071935{padding-top: 130px !important;padding-bottom: 410px !important;background: #000000 url(http:\/\/escritoriomodelo.com\/site\/wp-content\/uploads\/2021\/06\/bg2.jpg?id=7512);background-position: center;background-repeat: no-repeat !important;background-size: cover !important;}&#8221;][vc_column css=&#8221;.vc_custom_1511789287331{padding-top: 0px !important;}&#8221;][vc_row_inner][vc_column_inner]<header class=\"kd-section-title col-lg-12 text-center  kd-animated fadeIn  \" data-animation-delay=200><h2 class=\"separator_off\" style=\"color: #ffffff;\">Escrit\u00f3rio de Contabilidade em Apucarana<br \/>\ncom atendimento personalizado<\/h2><\/header>[\/vc_column_inner][\/vc_row_inner][\/vc_column][\/vc_row][vc_row full_width=&#8221;stretch_row&#8221; equal_height=&#8221;yes&#8221; css=&#8221;.vc_custom_1622776107654{margin-top: -300px !important;padding-bottom: 100px !important;}&#8221;][vc_column width=&#8221;1\/2&#8243; css=&#8221;.vc_custom_1556026072520{padding-right: 0px !important;}&#8221; offset=&#8221;vc_col-lg-6 vc_col-md-12 vc_hidden-sm vc_hidden-xs&#8221;][vc_single_image image=&#8221;7514&#8243; img_size=&#8221;600&#215;600&#8243; css=&#8221;.vc_custom_1622772376834{margin-bottom: 0px !important;}&#8221;][\/vc_column][vc_column width=&#8221;1\/2&#8243; css=&#8221;.vc_custom_1556026076479{margin-left: -15px !important;padding-top: 110px !important;padding-right: 80px !important;padding-bottom: 115px !important;padding-left: 80px !important;background-color: #f5f5f5 !important;}&#8221; offset=&#8221;vc_col-lg-6 vc_col-md-12&#8243;][vc_row_inner content_placement=&#8221;top&#8221;][vc_column_inner css=&#8221;.vc_custom_1556026108294{padding-right: 0px !important;padding-left: 0px !important;}&#8221;]<header class=\"kd-section-title col-lg-12 text-center solid-line sep-border-width-1  kd-animated fadeIn   vc_custom_1622773823049\" data-animation-delay=200><h2 class=\"separator_on\" >EXCEL\u00caNCIA EM ASSESSORIA CONT\u00c1BIL<\/h2><div class=\"kd-separator below_title\" ><div class=\"kd-separator-line\" ><\/div><\/div><\/header>[vc_custom_heading text=&#8221;Contamos com uma equipe especializada nas \u00e1reas cont\u00e1bil, tribut\u00e1ria, trabalhista e IRPF e Jur\u00eddica com uma ampla estrutura para atend\u00ea-lo de forma personalizada e oferecer as melhores solu\u00e7\u00f5es cont\u00e1beis para a sua empresa.&#8221; font_container=&#8221;tag:p|font_size:19|text_align:left&#8221; use_theme_fonts=&#8221;yes&#8221; css_animation=&#8221;fadeIn&#8221; css=&#8221;.vc_custom_1622811620018{margin-bottom: 50px !important;}&#8221;]<a  href=\"http:\/\/escritoriomodelo.com\/site\/sobre-nos\/\"  target=\"_self\"  title=\"Sobre N\u00f3s\" class=\"tt_button tt_primary_button btn_primary_color  pull-left button-action-link  kd-animated zoomIn\" data-animation-delay=200><span class=\"prim_text\">Saiba mais<\/span><\/a>[\/vc_column_inner][\/vc_row_inner][\/vc_column][\/vc_row][vc_row css=&#8221;.vc_custom_1622775785289{padding-bottom: 85px !important;}&#8221;][vc_column]<header class=\"kd-section-title col-lg-12 text-center solid-line sep-border-width-1  kd-animated fadeIn   vc_custom_1622775686707\" data-animation-delay=200><h2 class=\"separator_on\" >NOT\u00cdCIAS<\/h2><div class=\"kd-separator below_title\" ><div class=\"kd-separator-line\" ><\/div><\/div><h6 class=\"subtitle \" >Acompanhe informa\u00e7\u00f5es cont\u00e1beis atualizadas<\/h6><\/header>[vc_basic_grid post_type=&#8221;post&#8221; max_items=&#8221;3&#8243; item=&#8221;3729&#8243; grid_id=&#8221;vc_gid:1622811637750-9167469a-30d2-6&#8243;][\/vc_column][\/vc_row][vc_row full_width=&#8221;stretch_row&#8221; css=&#8221;.vc_custom_1622774053936{padding-top: 0px !important;padding-bottom: 0px !important;background-color: #5fc2a5 !important;}&#8221;][vc_column]<div class=\"kd-calltoaction no_icon \" >\n                <div class=\"container\">\n                  <div class=\"cta-text-container kd-animated fadeIn\" data-animation-delay=\"200\"><div class=\"cta-text\">\n                        <h3 style=\"color: #0b2341;\">Precisa de mais informa\u00e7\u00f5es?<\/h3><p style=\"color: #0b2341;\">Estamos aqui para ajud\u00e1-lo. Entre em contato pelo formul\u00e1rio, telefone ou email.<\/p><\/div>\n                    <\/div>\n                    <div class=\"cta-btncontainer\"><a href=\"http:\/\/escritoriomodelo.com\/site\/contato\/\"  title=\"Contato\" class=\"tt_button tt_secondary_button button-action-link btn_secondary_color kd-animated zoomIn\" data-animation-delay=\"200\">Entre em contato<\/a><\/div>\n                <\/div>\n            <\/div>[\/vc_column][\/vc_row]<\/p>\n","protected":false},"excerpt":{"rendered":"<p>[vc_row][vc_column][rev_slider_vc alias=&#8221;construction-slider&#8221;][\/vc_column][\/vc_row][vc_row full_width=&#8221;stretch_row&#8221; css=&#8221;.vc_custom_1622769439400{padding-top: 85px !important;padding-bottom: 85px !important;background-image: url(http:\/\/escritoriomodelo.com\/site\/wp-content\/uploads\/2021\/06\/bg-modelo.jpg?id=7492) !important;background-position: 0 0 !important;background-repeat: no-repeat !important;}&#8221;][vc_column][vc_row_inner equal_height=&#8221;yes&#8221; content_placement=&#8221;middle&#8221;][vc_column_inner width=&#8221;1\/3&#8243;][\/vc_column_inner][vc_column_inner width=&#8221;1\/3&#8243;][\/vc_column_inner][vc_column_inner width=&#8221;1\/3&#8243;][\/vc_column_inner][\/vc_row_inner][vc_row_inner][vc_column_inner width=&#8221;1\/3&#8243;][\/vc_column_inner][vc_column_inner width=&#8221;1\/3&#8243;][\/vc_column_inner][vc_column_inner width=&#8221;1\/3&#8243;][\/vc_column_inner][\/vc_row_inner][\/vc_column][\/vc_row][vc_row full_width=&#8221;stretch_row&#8221; content_placement=&#8221;middle&#8221; parallax=&#8221;content-moving&#8221; parallax_speed_bg=&#8221;1.4&#8243; css=&#8221;.vc_custom_1622776071935{padding-top: 130px !important;padding-bottom: 410px !important;background: #000000 url(http:\/\/escritoriomodelo.com\/site\/wp-content\/uploads\/2021\/06\/bg2.jpg?id=7512);background-position: center;background-repeat: no-repeat !important;background-size: cover !important;}&#8221;][vc_column css=&#8221;.vc_custom_1511789287331{padding-top: 0px !important;}&#8221;][vc_row_inner][vc_column_inner][\/vc_column_inner][\/vc_row_inner][\/vc_column][\/vc_row][vc_row full_width=&#8221;stretch_row&#8221; equal_height=&#8221;yes&#8221; css=&#8221;.vc_custom_1622776107654{margin-top: -300px !important;padding-bottom: 100px !important;}&#8221;][vc_column width=&#8221;1\/2&#8243; css=&#8221;.vc_custom_1556026072520{padding-right: 0px !important;}&#8221; offset=&#8221;vc_col-lg-6 vc_col-md-12 vc_hidden-sm vc_hidden-xs&#8221;][vc_single_image image=&#8221;7514&#8243; img_size=&#8221;600&#215;600&#8243; css=&#8221;.vc_custom_1622772376834{margin-bottom: 0px !important;}&#8221;][\/vc_column][vc_column width=&#8221;1\/2&#8243; css=&#8221;.vc_custom_1556026076479{margin-left: -15px !important;padding-top: 110px !important;padding-right: 80px !important;padding-bottom: 115px !important;padding-left: 80px !important;background-color: #f5f5f5 !important;}&#8221; offset=&#8221;vc_col-lg-6 vc_col-md-12&#8243;][vc_row_inner content_placement=&#8221;top&#8221;][vc_column_inner css=&#8221;.vc_custom_1556026108294{padding-right: 0px !important;padding-left: 0px !important;}&#8221;][vc_custom_heading text=&#8221;Contamos com uma equipe especializada nas \u00e1reas cont\u00e1bil, tribut\u00e1ria, trabalhista e IRPF e Jur\u00eddica com uma ampla estrutura para atend\u00ea-lo de forma personalizada e oferecer as melhores solu\u00e7\u00f5es cont\u00e1beis para a sua empresa.&#8221; font_container=&#8221;tag:p|font_size:19|text_align:left&#8221; use_theme_fonts=&#8221;yes&#8221; css_animation=&#8221;fadeIn&#8221; css=&#8221;.vc_custom_1622811620018{margin-bottom: 50px !important;}&#8221;][\/vc_column_inner][\/vc_row_inner][\/vc_column][\/vc_row][vc_row css=&#8221;.vc_custom_1622775785289{padding-bottom: 85px !important;}&#8221;][vc_column][vc_basic_grid post_type=&#8221;post&#8221; max_items=&#8221;3&#8243; item=&#8221;3729&#8243; grid_id=&#8221;vc_gid:1622811637750-9167469a-30d2-6&#8243;][\/vc_column][\/vc_row][vc_row full_width=&#8221;stretch_row&#8221; css=&#8221;.vc_custom_1622774053936{padding-top: 0px !important;padding-bottom: 0px !important;background-color: #5fc2a5 !important;}&#8221;][vc_column][\/vc_column][\/vc_row]<\/p>\n","protected":false},"author":1,"featured_media":0,"parent":0,"menu_order":0,"comment_status":"closed","ping_status":"closed","template":"","meta":{"footnotes":""},"class_list":["post-7463","page","type-page","status-publish","hentry"],"_links":{"self":[{"href":"https:\/\/escritoriomodelo.com\/site\/wp-json\/wp\/v2\/pages\/7463","targetHints":{"allow":["GET"]}}],"collection":[{"href":"https:\/\/escritoriomodelo.com\/site\/wp-json\/wp\/v2\/pages"}],"about":[{"href":"https:\/\/escritoriomodelo.com\/site\/wp-json\/wp\/v2\/types\/page"}],"author":[{"embeddable":true,"href":"https:\/\/escritoriomodelo.com\/site\/wp-json\/wp\/v2\/users\/1"}],"replies":[{"embeddable":true,"href":"https:\/\/escritoriomodelo.com\/site\/wp-json\/wp\/v2\/comments?post=7463"}],"version-history":[{"count":56,"href":"https:\/\/escritoriomodelo.com\/site\/wp-json\/wp\/v2\/pages\/7463\/revisions"}],"predecessor-version":[{"id":7640,"href":"https:\/\/escritoriomodelo.com\/site\/wp-json\/wp\/v2\/pages\/7463\/revisions\/7640"}],"wp:attachment":[{"href":"https:\/\/escritoriomodelo.com\/site\/wp-json\/wp\/v2\/media?parent=7463"}],"curies":[{"name":"wp","href":"https:\/\/api.w.org\/{rel}","templated":true}]}}